{"id":98,"date":"2014-08-09T18:18:39","date_gmt":"2014-08-09T17:18:39","guid":{"rendered":"http:\/\/rechtsanwalt-roeske.de\/?page_id=98"},"modified":"2023-07-26T11:10:24","modified_gmt":"2023-07-26T10:10:24","slug":"rechtsgebiete-2","status":"publish","type":"page","link":"https:\/\/rechtsanwalt-roeske.de\/?page_id=98","title":{"rendered":"Rechtsgebiete"},"content":{"rendered":"<p>Rechtsgebiete, in denen ich Mandanten berate und vertrete, sehen Sie stichpunktartig in der Grafik. In Rechtsgebieten, die ich nicht bediene, kann ich Sie an kompetente Kollegen vermitteln.<img loading=\"lazy\" decoding=\"async\" class=\"alignright  wp-image-219\" src=\"http:\/\/rechtsanwalt-roeske.de\/wp-content\/uploads\/2014\/08\/rechtsgebiete1.png\" alt=\"\" width=\"346\" height=\"849\" \/><\/p>\n<p><strong>ACHTUNG<\/strong>: Im Arbeitsrecht laufen in vielen F\u00e4llen kurze Fristen, die der Arbeitnehmer einhalten muss, wenn er sein Recht wahren will. Hier sollte unbedingt, sofern anwaltliche Unterst\u00fctzung gesucht wird, schnell ein Rechtsanwalt aufgesucht werden.<\/p>\n<p>Wenn Sie eine K\u00fcndigung von Ihrem Arbeitgeber erhalten haben, l\u00e4uft eine Klagefrist von nur drei Wochen! Sollte eine K\u00fcndigungsschutzklage erst nach Fristablauf erhoben werden, so gilt die (eigentlich unwirksame) K\u00fcndigung als wirksam: Der Arbeitnehmer verliert dann die K\u00fcndigungsschutzklage.<br \/>\nF\u00fcr einige Anspr\u00fcche des Arbeitsnehmers (z.B. auf Lohnzahlung) gelten h\u00e4ufig Ausschlussfristen. Auch deren Vers\u00e4umung f\u00fchrt dazu, dass man sein Recht nicht mehr erfolgreich vor Gericht geltend machen kann.<\/p>\n<p>Mein spezielles Interesse gilt dem zivilrechtlichen Berufungsrecht. Die Qualit\u00e4t von Urteilen aus erster Instanz ist h\u00e4ufig ungen\u00fcgend. Trotzdem f\u00fchren nur rund 10% aller Berufungen zum Erfolg! Wenn Sie einen Prozess in erster Instanz verloren haben und Sie m\u00f6chten das Urteil von jemandem \u00fcberpr\u00fcfen lassen, der eine frische Sicht auf die Dinge hat &#8211;\u00a0 wenden Sie sich gerne an mich. Ich kann die Erfolgsaussichten des Rechtsmittels pr\u00fcfen und werde Ihnen eine Empfehlung geben, ob sich eine Berufung lohnt.<br \/>\nF\u00fcr die Einlegung der Berufung l\u00e4uft eine Frist von einem Monat.<br \/>\nWarten Sie also nicht zu lange!<\/p>\n","protected":false},"excerpt":{"rendered":"<p>Rechtsgebiete, in denen ich Mandanten berate und vertrete, sehen Sie stichpunktartig in der Grafik. In Rechtsgebieten, die ich nicht bediene, kann ich Sie an kompetente Kollegen vermitteln. ACHTUNG: Im Arbeitsrecht laufen in vielen F\u00e4llen kurze Fristen, die der Arbeitnehmer einhalten muss, wenn er sein Recht wahren will. Hier sollte unbedingt, sofern anwaltliche Unterst\u00fctzung gesucht wird, schnell ein Rechtsanwalt aufgesucht werden. Wenn Sie eine K\u00fcndigung von Ihrem Arbeitgeber erhalten haben, l\u00e4uft eine Klagefrist von nur drei Wochen! Sollte eine K\u00fcndigungsschutzklage erst nach Fristablauf erhoben werden, so gilt die (eigentlich unwirksame) K\u00fcndigung als wirksam: Der Arbeitnehmer verliert dann die K\u00fcndigungsschutzklage. F\u00fcr einige Anspr\u00fcche des Arbeitsnehmers (z.B. auf Lohnzahlung) gelten h\u00e4ufig Ausschlussfristen. Auch [&hellip;]<\/p>\n","protected":false},"author":1,"featured_media":0,"parent":0,"menu_order":0,"comment_status":"closed","ping_status":"closed","template":"","meta":{"footnotes":""},"class_list":["post-98","page","type-page","status-publish","czr-hentry"],"_links":{"self":[{"href":"https:\/\/rechtsanwalt-roeske.de\/index.php?rest_route=\/wp\/v2\/pages\/98","targetHints":{"allow":["GET"]}}],"collection":[{"href":"https:\/\/rechtsanwalt-roeske.de\/index.php?rest_route=\/wp\/v2\/pages"}],"about":[{"href":"https:\/\/rechtsanwalt-roeske.de\/index.php?rest_route=\/wp\/v2\/types\/page"}],"author":[{"embeddable":true,"href":"https:\/\/rechtsanwalt-roeske.de\/index.php?rest_route=\/wp\/v2\/users\/1"}],"replies":[{"embeddable":true,"href":"https:\/\/rechtsanwalt-roeske.de\/index.php?rest_route=%2Fwp%2Fv2%2Fcomments&post=98"}],"version-history":[{"count":11,"href":"https:\/\/rechtsanwalt-roeske.de\/index.php?rest_route=\/wp\/v2\/pages\/98\/revisions"}],"predecessor-version":[{"id":422,"href":"https:\/\/rechtsanwalt-roeske.de\/index.php?rest_route=\/wp\/v2\/pages\/98\/revisions\/422"}],"wp:attachment":[{"href":"https:\/\/rechtsanwalt-roeske.de\/index.php?rest_route=%2Fwp%2Fv2%2Fmedia&parent=98"}],"curies":[{"name":"wp","href":"https:\/\/api.w.org\/{rel}","templated":true}]}}