{"id":93,"date":"2014-08-09T18:11:48","date_gmt":"2014-08-09T17:11:48","guid":{"rendered":"http:\/\/rechtsanwalt-roeske.de\/?page_id=93"},"modified":"2023-08-21T11:46:22","modified_gmt":"2023-08-21T10:46:22","slug":"impressum","status":"publish","type":"page","link":"https:\/\/rechtsanwalt-roeske.de\/?page_id=93","title":{"rendered":"Impressum"},"content":{"rendered":"\n<p><br><strong>Verantwortlich im Sinne des \u00a7&nbsp;5&nbsp;TMG:<\/strong><\/p>\n\n\n\n<p>Vertretungsberechtigung: Rechtsanwalt Alexander Roeske<\/p>\n\n\n\n<p>Lindenstra\u00dfe 76 <br>10969 Berlin <\/p>\n\n\n\n<p>E-Mail: kanzlei@rechtsanwalt-roeske.de<br>Tel.: 017687947269 <\/p>\n\n\n\n<p>Umsatzsteuer-Nummer:&nbsp;DE16\/495\/64020<\/p>\n\n\n\n<p><br><strong>Informationen nach \u00a7 2 DL-InfoV:<\/strong><\/p>\n\n\n\n<p>Die genannte gesetzliche Berufsbezeichnung \u201cRechtsanwalt\u201d wurde in der Bundesrepublik Deutschland verliehen.<\/p>\n\n\n\n<p><br><strong>Rechtsanwaltskammer und zust\u00e4ndige Aufsichtsbeh\u00f6rde:<\/strong><\/p>\n\n\n\n<p>Rechtsanwaltskammer Berlin<br>\nLittenstra\u00dfe 9<br>\n10179 Berlin<br>\nFon:&nbsp;030 30 69 31 0<br>\nFax:&nbsp;030 30 69 31 99<br>\nE-Mail: info @ rak-berlin.org <em>(Spamschutz, bitte Leerzeichen&nbsp;vor und nach \u201e@\u201c weglassen)<\/em><\/p>\n\n\n\n<p><br><strong>Berufshaftplichtversicherung:<\/strong><\/p>\n\n\n\n<p>HDI Versicherung AG<br>\nHDI-Platz 1<br>\n30659 Hannover<\/p>\n\n\n\n<p>Der r\u00e4umliche Geltungsbereich des Versicherungsschutzes umfasst T\u00e4tigkeiten in den Mitgliedsstaaten der Europ\u00e4ischen Union.<\/p>\n\n\n\n<p><br><strong>Berufsrechtliche Regelungen:<\/strong><\/p>\n\n\n\n<ul class=\"wp-block-list\">\n<li>Berufsordnung f\u00fcr Rechtsanw\u00e4lte (BORA)<\/li>\n\n\n\n<li>Bundesrechtsanwaltsordnung (BRAO)<\/li>\n\n\n\n<li>Rechtsanwaltsverg\u00fctungsgesetz (RVG)<\/li>\n\n\n\n<li>Berufsregeln der Rechtsanw\u00e4lte der Europ\u00e4ischen Union (CCBE)<\/li>\n<\/ul>\n\n\n\n<p>Diese Gesetze und Verordnungen sind im Bundesgesetzblatt ver\u00f6ffentlicht.<br>\nSie k\u00f6nnen auch \u00fcber die Bundesrechtsanwaltskammer bezogen werden.<br>\nSie befinden sich zudem auf ihrer <a href=\"http:\/\/www.brak.de\/seiten\/06.php\" target=\"_blank\" rel=\"noreferrer noopener\">Internetseite<\/a>.<\/p>\n\n\n\n<p><br><strong>Graphische Gestaltung und Umsetzung&nbsp;des Internetauftritts:<\/strong><\/p>\n\n\n\n<p>Robert Ziegler<\/p>\n\n\n\n<p>Carys Jaiswal<\/p>\n\n\n\n<p><br><strong>Nutzungshinweise:<\/strong><\/p>\n\n\n\n<p>Wenn nicht anderweitig geregelt, sind die Inhalte \ndieser Website \u2013 einschlie\u00dflich der darin enthaltenen Texte und \nAbbildungen und deren Anordnung \u2013 Eigentum von Rechtsanwalt Alexander \nRoeske. Alle eingetragenen Warenzeichen, Logos und Marken, die auf \ndieser Website verwendet werden, sind Eigentum der jeweiligen Inhaber. \nAlexander Roeske&nbsp;erkl\u00e4rt, dass er&nbsp;alle Eigentumskennzeichnungen als \nsolche anerkennt, auch wenn im Einzelnen ein solcher Hinweis fehlt.<\/p>\n\n\n\n<p>Das Copyright und die Nutzungsrechte f\u00fcr alle im \nInternetauftritt&nbsp;verwendeten Grafiken, Fotografien und Texte besitzt \nAlexander Roeske;&nbsp;eine weitere Verwendung ist ohne ausdr\u00fcckliche \nGenehmigung nicht erlaubt.<\/p>\n\n\n\n<p>Alexander Roeske&nbsp;\u00fcbernimmt keinerlei Gew\u00e4hr f\u00fcr die \nAktualit\u00e4t, Korrektheit, Vollst\u00e4ndigkeit oder Qualit\u00e4t der \nbereitgestellten Informationen. Haftungsanspr\u00fcche gegen ihn, welche sich\n auf Sch\u00e4den materieller oder ideeller Art beziehen, die durch die \nNutzung oder Nichtnutzung der dargebotenen Informationen bzw. durch die \nNutzung fehlerhafter und unvollst\u00e4ndiger Informationen verursacht \nwurden, sind grunds\u00e4tzlich ausgeschlossen, sofern seitens des Autors \nkein nachweislich vors\u00e4tzliches oder grob fahrl\u00e4ssiges Verschulden \nvorliegt.<\/p>\n\n\n\n<p>Alle Angebote sind freibleibend und unverbindlich. \nAlexander Roeske&nbsp;beh\u00e4lt es sich ausdr\u00fccklich vor, Teile der Seiten oder \ndas gesamte Angebot ohne gesonderte Ank\u00fcndigung zu ver\u00e4ndern, zu \nerg\u00e4nzen, zu l\u00f6schen oder die Ver\u00f6ffentlichung zeitweise oder endg\u00fcltig \neinzustellen.<\/p>\n\n\n\n<p>Hyperlinks auf dieser Website k\u00f6nnen zu anderen, \nexternen Websites f\u00fchren, die nicht von Alexander Roeske&nbsp;gepflegt \nwerden. F\u00fcr den Inhalt dieser Seiten \u00fcbernimmt Alexander Roeske&nbsp;keine \nHaftung oder Verantwortung. Ein Link zu einer externen Website ist keine\n Garantie f\u00fcr deren Inhalte oder deren angebotene Leistungen. Jegliche \nNutzung der Informationen, die auf der Website zur Verf\u00fcgung stehen oder\n auf anderen Websites, die mit ihr verlinkt sind, geschieht auf eigenes \nRisiko. Alexander Roeske&nbsp;distanziert sich ausdr\u00fccklich von den Inhalten \nexterner Websites.<\/p>\n","protected":false},"excerpt":{"rendered":"<p>Verantwortlich im Sinne des \u00a7&nbsp;5&nbsp;TMG: Vertretungsberechtigung: Rechtsanwalt Alexander Roeske Lindenstra\u00dfe 76 10969 Berlin E-Mail: kanzlei@rechtsanwalt-roeske.deTel.: 017687947269 Umsatzsteuer-Nummer:&nbsp;DE16\/495\/64020 Informationen nach \u00a7 2 DL-InfoV: Die genannte gesetzliche Berufsbezeichnung \u201cRechtsanwalt\u201d wurde in der Bundesrepublik Deutschland verliehen. Rechtsanwaltskammer und zust\u00e4ndige Aufsichtsbeh\u00f6rde: Rechtsanwaltskammer Berlin Littenstra\u00dfe 9 10179 Berlin Fon:&nbsp;030 30 69 31 0 Fax:&nbsp;030 30 69 31 99 E-Mail: info @ rak-berlin.org (Spamschutz, bitte Leerzeichen&nbsp;vor und nach \u201e@\u201c weglassen) Berufshaftplichtversicherung: HDI Versicherung AG HDI-Platz 1 30659 Hannover Der r\u00e4umliche Geltungsbereich des Versicherungsschutzes umfasst T\u00e4tigkeiten in den Mitgliedsstaaten der Europ\u00e4ischen Union. Berufsrechtliche Regelungen: Diese Gesetze und Verordnungen sind im Bundesgesetzblatt ver\u00f6ffentlicht. Sie k\u00f6nnen auch \u00fcber die Bundesrechtsanwaltskammer bezogen werden. Sie befinden sich zudem auf ihrer Internetseite. [&hellip;]<\/p>\n","protected":false},"author":1,"featured_media":0,"parent":0,"menu_order":0,"comment_status":"closed","ping_status":"closed","template":"","meta":{"footnotes":""},"class_list":["post-93","page","type-page","status-publish","czr-hentry"],"_links":{"self":[{"href":"https:\/\/rechtsanwalt-roeske.de\/index.php?rest_route=\/wp\/v2\/pages\/93","targetHints":{"allow":["GET"]}}],"collection":[{"href":"https:\/\/rechtsanwalt-roeske.de\/index.php?rest_route=\/wp\/v2\/pages"}],"about":[{"href":"https:\/\/rechtsanwalt-roeske.de\/index.php?rest_route=\/wp\/v2\/types\/page"}],"author":[{"embeddable":true,"href":"https:\/\/rechtsanwalt-roeske.de\/index.php?rest_route=\/wp\/v2\/users\/1"}],"replies":[{"embeddable":true,"href":"https:\/\/rechtsanwalt-roeske.de\/index.php?rest_route=%2Fwp%2Fv2%2Fcomments&post=93"}],"version-history":[{"count":17,"href":"https:\/\/rechtsanwalt-roeske.de\/index.php?rest_route=\/wp\/v2\/pages\/93\/revisions"}],"predecessor-version":[{"id":508,"href":"https:\/\/rechtsanwalt-roeske.de\/index.php?rest_route=\/wp\/v2\/pages\/93\/revisions\/508"}],"wp:attachment":[{"href":"https:\/\/rechtsanwalt-roeske.de\/index.php?rest_route=%2Fwp%2Fv2%2Fmedia&parent=93"}],"curies":[{"name":"wp","href":"https:\/\/api.w.org\/{rel}","templated":true}]}}