{"id":91,"date":"2014-08-09T18:11:29","date_gmt":"2014-08-09T17:11:29","guid":{"rendered":"http:\/\/rechtsanwalt-roeske.de\/?page_id=91"},"modified":"2023-11-10T21:33:17","modified_gmt":"2023-11-10T20:33:17","slug":"mediator","status":"publish","type":"page","link":"https:\/\/rechtsanwalt-roeske.de\/?page_id=91","title":{"rendered":"Mediaton"},"content":{"rendered":"<p style=\"text-align: left;\">Mediation ist eine Verhandlungsmethode f\u00fcr Streitf\u00e4lle und eine Alternative zum\u00a0Gerichtsverfahren. Sie ist regelm\u00e4\u00dfig g\u00fcnstiger als ein Gerichtsprozess. Sie hat nichts mit Therapie zu tun oder der Suche nach Schuld, sondern sie ist zukunftsorientiert.<\/p>\n<p style=\"text-align: left;\">Eine gelungene Mediation m\u00fcndet in der Regel in einen rechtsverbindlichen Vertrag.<\/p>\n<p style=\"text-align: left;\"><img loading=\"lazy\" decoding=\"async\" class=\"alignright  wp-image-162\" src=\"http:\/\/rechtsanwalt-roeske.de\/wp-content\/uploads\/2014\/08\/mediationsregeln-630x1024.png\" alt=\"\" width=\"371\" height=\"596\" \/><\/p>\n<p style=\"text-align: left;\">In einer konfliktbehafteten Situation unterst\u00fctzt Sie der Mediator bei der Formulierung Ihrer Interessen. Er sorgt daf\u00fcr, dass keine Entscheidung unter Druck gef\u00e4llt wird. Er strukturiert das Gespr\u00e4ch, w\u00e4hrend dessen Inhalte von den Beteiligten vorgegeben werden.<\/p>\n<p style=\"text-align: left;\">Die ausgewogene L\u00f6sung finden die Streitenden allein, sie werden nicht fremdbestimmt (wie durch ein Gerichtsurteil) und nicht bevormundet: Nur sie alleine wissen, welche Regelung f\u00fcr sie angemessen ist.<\/p>\n<p style=\"text-align: left;\">In der Mediation schaffen die Anh\u00f6rung der\/des Anderen, Gleichberechtigung der Beteiligten und gegenseitiger Respekt ein Klima, das den Erhalt und die Achtung der W\u00fcrde des Menschen gew\u00e4hrt.<\/p>\n<p style=\"text-align: left;\">In den von mir mediierten Gespr\u00e4chen kommen wir in der Regel sofort zum Thema. Ein langes Vorgespr\u00e4ch, eine Einf\u00fchrung oder Spielregelerl\u00e4uterungen gibt es bei mir nicht.<\/p>\n<p style=\"text-align: left;\">Das Bild zeigt Konflikte, f\u00fcr die Mediation ein geeignetes Verfahren ist und in denen ich Mediation anbiete:<\/p>\n<p style=\"text-align: left;\"><img loading=\"lazy\" decoding=\"async\" class=\"aligncenter wp-image-160 size-large\" src=\"http:\/\/rechtsanwalt-roeske.de\/wp-content\/uploads\/2014\/08\/mediationsanl\u00e4sse1-1024x673.png\" alt=\"\" width=\"584\" height=\"383\" srcset=\"https:\/\/rechtsanwalt-roeske.de\/wp-content\/uploads\/2014\/08\/mediationsanl\u00e4sse1-1024x673.png 1024w, https:\/\/rechtsanwalt-roeske.de\/wp-content\/uploads\/2014\/08\/mediationsanl\u00e4sse1-300x197.png 300w, https:\/\/rechtsanwalt-roeske.de\/wp-content\/uploads\/2014\/08\/mediationsanl\u00e4sse1-456x300.png 456w, https:\/\/rechtsanwalt-roeske.de\/wp-content\/uploads\/2014\/08\/mediationsanl\u00e4sse1.png 1170w\" sizes=\"auto, (max-width: 584px) 100vw, 584px\" \/><\/p>\n<p style=\"text-align: left;\">\n","protected":false},"excerpt":{"rendered":"<p>Mediation ist eine Verhandlungsmethode f\u00fcr Streitf\u00e4lle und eine Alternative zum\u00a0Gerichtsverfahren. Sie ist regelm\u00e4\u00dfig g\u00fcnstiger als ein Gerichtsprozess. Sie hat nichts mit Therapie zu tun oder der Suche nach Schuld, sondern sie ist zukunftsorientiert. Eine gelungene Mediation m\u00fcndet in der Regel in einen rechtsverbindlichen Vertrag. In einer konfliktbehafteten Situation unterst\u00fctzt Sie der Mediator bei der Formulierung Ihrer Interessen. Er sorgt daf\u00fcr, dass keine Entscheidung unter Druck gef\u00e4llt wird. Er strukturiert das Gespr\u00e4ch, w\u00e4hrend dessen Inhalte von den Beteiligten vorgegeben werden. Die ausgewogene L\u00f6sung finden die Streitenden allein, sie werden nicht fremdbestimmt (wie durch ein Gerichtsurteil) und nicht bevormundet: Nur sie alleine wissen, welche Regelung f\u00fcr sie angemessen ist. In der Mediation [&hellip;]<\/p>\n","protected":false},"author":1,"featured_media":522,"parent":0,"menu_order":0,"comment_status":"closed","ping_status":"closed","template":"","meta":{"footnotes":""},"class_list":["post-91","page","type-page","status-publish","has-post-thumbnail","czr-hentry"],"_links":{"self":[{"href":"https:\/\/rechtsanwalt-roeske.de\/index.php?rest_route=\/wp\/v2\/pages\/91","targetHints":{"allow":["GET"]}}],"collection":[{"href":"https:\/\/rechtsanwalt-roeske.de\/index.php?rest_route=\/wp\/v2\/pages"}],"about":[{"href":"https:\/\/rechtsanwalt-roeske.de\/index.php?rest_route=\/wp\/v2\/types\/page"}],"author":[{"embeddable":true,"href":"https:\/\/rechtsanwalt-roeske.de\/index.php?rest_route=\/wp\/v2\/users\/1"}],"replies":[{"embeddable":true,"href":"https:\/\/rechtsanwalt-roeske.de\/index.php?rest_route=%2Fwp%2Fv2%2Fcomments&post=91"}],"version-history":[{"count":7,"href":"https:\/\/rechtsanwalt-roeske.de\/index.php?rest_route=\/wp\/v2\/pages\/91\/revisions"}],"predecessor-version":[{"id":577,"href":"https:\/\/rechtsanwalt-roeske.de\/index.php?rest_route=\/wp\/v2\/pages\/91\/revisions\/577"}],"wp:featuredmedia":[{"embeddable":true,"href":"https:\/\/rechtsanwalt-roeske.de\/index.php?rest_route=\/wp\/v2\/media\/522"}],"wp:attachment":[{"href":"https:\/\/rechtsanwalt-roeske.de\/index.php?rest_route=%2Fwp%2Fv2%2Fmedia&parent=91"}],"curies":[{"name":"wp","href":"https:\/\/api.w.org\/{rel}","templated":true}]}}