{"id":474,"date":"2023-08-21T10:02:10","date_gmt":"2023-08-21T09:02:10","guid":{"rendered":"http:\/\/rechtsanwalt-roeske.de\/?page_id=474"},"modified":"2023-09-02T10:15:49","modified_gmt":"2023-09-02T09:15:49","slug":"streit-um-die-anwaltsverguetung","status":"publish","type":"page","link":"https:\/\/rechtsanwalt-roeske.de\/?page_id=474","title":{"rendered":"Streit um die Anwaltsverg\u00fctung"},"content":{"rendered":"\n<p>Es gibt einen <strong><mark style=\"background-color:rgba(0, 0, 0, 0)\" class=\"has-inline-color has-luminous-vivid-amber-color\">Grundsatz<\/mark> <\/strong>bei der Verg\u00fctung Ihres Rechtsanwalts, der erscheint erstmal &#8222;ungerecht&#8220; zu sein. Er lautet:<\/p>\n\n\n\n<p><mark style=\"background-color:#ffecb8\" class=\"has-inline-color\">Auch schlechte und fehlerhafte Anwaltsleistung muss in voller H\u00f6he verg\u00fctet werden.<\/mark><\/p>\n\n\n\n<p>Warum ist das so?<\/p>\n\n\n\n<p>Der Vertrag zwischen Rechtsanwalt und Mandant ist immer* ein Dienstvertrag. Das BGB kennt im Dienstvertragsrecht kein Gew\u00e4hrleistungsrecht. Gew\u00e4hrleistungsrechte kennen sie u.a. bei Kaufvertr\u00e4gen; wenn die gekaufte Sache mangelhaft ist, k\u00f6nnen Sie sie grunds\u00e4tzlich umtauschen oder reparieren lassen oder u.U. den Kaufpreis mindern. Das alles gibt es beim Dienstvertrag nicht.<\/p>\n\n\n\n<h1 class=\"wp-block-heading\">Kein <mark style=\"background-color:rgba(0, 0, 0, 0)\" class=\"has-inline-color has-luminous-vivid-amber-color\">Grundsatz <\/mark>ohne Ausnahme<\/h1>\n\n\n\n<p>&#8211; Parteiverrat nach \u00a7 356 Strafgesetzbuch (StGB). Anklagen wegen dieses Delikts sind \u00e4u\u00dferst selten, Verurteilungen noch seltener. Einen Parteiverrat vergeht der Anwalt, der vors\u00e4tzlich in derselben Rechtssache beiden Parteien durch Rat oder Beistand pflichtwidrig dient. Das hei\u00dft, dass der Anwalt keinen Parteiverrat begeht, wenn er <\/p>\n\n\n\n<p>&#8211; Die bisherige Anwaltsleistung ist infolge einer K\u00fcndigung des Mandanten f\u00fcr den Mandanten ohne Interesse.<\/p>\n","protected":false},"excerpt":{"rendered":"<p>Es gibt einen Grundsatz bei der Verg\u00fctung Ihres Rechtsanwalts, der erscheint erstmal &#8222;ungerecht&#8220; zu sein. Er lautet: Auch schlechte und fehlerhafte Anwaltsleistung muss in voller H\u00f6he verg\u00fctet werden. Warum ist das so? Der Vertrag zwischen Rechtsanwalt und Mandant ist immer* ein Dienstvertrag. Das BGB kennt im Dienstvertragsrecht kein Gew\u00e4hrleistungsrecht. Gew\u00e4hrleistungsrechte kennen sie u.a. bei Kaufvertr\u00e4gen; wenn die gekaufte Sache mangelhaft ist, k\u00f6nnen Sie sie grunds\u00e4tzlich umtauschen oder reparieren lassen oder u.U. den Kaufpreis mindern. Das alles gibt es beim Dienstvertrag nicht. Kein Grundsatz ohne Ausnahme &#8211; Parteiverrat nach \u00a7 356 Strafgesetzbuch (StGB). Anklagen wegen dieses Delikts sind \u00e4u\u00dferst selten, Verurteilungen noch seltener. Einen Parteiverrat vergeht der Anwalt, der vors\u00e4tzlich in [&hellip;]<\/p>\n","protected":false},"author":2,"featured_media":521,"parent":0,"menu_order":0,"comment_status":"closed","ping_status":"closed","template":"","meta":{"footnotes":""},"class_list":["post-474","page","type-page","status-publish","has-post-thumbnail","czr-hentry"],"_links":{"self":[{"href":"https:\/\/rechtsanwalt-roeske.de\/index.php?rest_route=\/wp\/v2\/pages\/474","targetHints":{"allow":["GET"]}}],"collection":[{"href":"https:\/\/rechtsanwalt-roeske.de\/index.php?rest_route=\/wp\/v2\/pages"}],"about":[{"href":"https:\/\/rechtsanwalt-roeske.de\/index.php?rest_route=\/wp\/v2\/types\/page"}],"author":[{"embeddable":true,"href":"https:\/\/rechtsanwalt-roeske.de\/index.php?rest_route=\/wp\/v2\/users\/2"}],"replies":[{"embeddable":true,"href":"https:\/\/rechtsanwalt-roeske.de\/index.php?rest_route=%2Fwp%2Fv2%2Fcomments&post=474"}],"version-history":[{"count":8,"href":"https:\/\/rechtsanwalt-roeske.de\/index.php?rest_route=\/wp\/v2\/pages\/474\/revisions"}],"predecessor-version":[{"id":483,"href":"https:\/\/rechtsanwalt-roeske.de\/index.php?rest_route=\/wp\/v2\/pages\/474\/revisions\/483"}],"wp:featuredmedia":[{"embeddable":true,"href":"https:\/\/rechtsanwalt-roeske.de\/index.php?rest_route=\/wp\/v2\/media\/521"}],"wp:attachment":[{"href":"https:\/\/rechtsanwalt-roeske.de\/index.php?rest_route=%2Fwp%2Fv2%2Fmedia&parent=474"}],"curies":[{"name":"wp","href":"https:\/\/api.w.org\/{rel}","templated":true}]}}