{"id":427,"date":"2023-08-04T09:46:54","date_gmt":"2023-08-04T08:46:54","guid":{"rendered":"http:\/\/rechtsanwalt-roeske.de\/?page_id=427"},"modified":"2023-09-02T10:15:02","modified_gmt":"2023-09-02T09:15:02","slug":"anwaltshaftung","status":"publish","type":"page","link":"https:\/\/rechtsanwalt-roeske.de\/?page_id=427","title":{"rendered":"Anwaltshaftung"},"content":{"rendered":"\n<p>Wenn ein anderer Anwalt seinen Mandanten einen Schaden zuf\u00fcgt, muss er in vielen F\u00e4llen daf\u00fcr haften; der Anwalt muss seinem Mandanten Schadensersatz zahlen.<\/p>\n\n\n\n<figure class=\"wp-block-image size-full\"><a href=\"http:\/\/rechtsanwalt-roeske.de\/wp-content\/uploads\/2023\/08\/anwaltshaftung_schlange.png\"><img loading=\"lazy\" decoding=\"async\" width=\"3508\" height=\"7015\" src=\"http:\/\/rechtsanwalt-roeske.de\/wp-content\/uploads\/2023\/08\/anwaltshaftung_schlange.png\" alt=\"\" class=\"wp-image-470\" srcset=\"https:\/\/rechtsanwalt-roeske.de\/wp-content\/uploads\/2023\/08\/anwaltshaftung_schlange.png 3508w, https:\/\/rechtsanwalt-roeske.de\/wp-content\/uploads\/2023\/08\/anwaltshaftung_schlange-150x300.png 150w, https:\/\/rechtsanwalt-roeske.de\/wp-content\/uploads\/2023\/08\/anwaltshaftung_schlange-512x1024.png 512w, https:\/\/rechtsanwalt-roeske.de\/wp-content\/uploads\/2023\/08\/anwaltshaftung_schlange-768x1536.png 768w, https:\/\/rechtsanwalt-roeske.de\/wp-content\/uploads\/2023\/08\/anwaltshaftung_schlange-1024x2048.png 1024w\" sizes=\"auto, (max-width: 3508px) 100vw, 3508px\" \/><\/a><\/figure>\n","protected":false},"excerpt":{"rendered":"<p>Wenn ein anderer Anwalt seinen Mandanten einen Schaden zuf\u00fcgt, muss er in vielen F\u00e4llen daf\u00fcr haften; der Anwalt muss seinem Mandanten Schadensersatz zahlen.<\/p>\n","protected":false},"author":2,"featured_media":520,"parent":0,"menu_order":0,"comment_status":"closed","ping_status":"closed","template":"","meta":{"footnotes":""},"class_list":["post-427","page","type-page","status-publish","has-post-thumbnail","czr-hentry"],"_links":{"self":[{"href":"https:\/\/rechtsanwalt-roeske.de\/index.php?rest_route=\/wp\/v2\/pages\/427","targetHints":{"allow":["GET"]}}],"collection":[{"href":"https:\/\/rechtsanwalt-roeske.de\/index.php?rest_route=\/wp\/v2\/pages"}],"about":[{"href":"https:\/\/rechtsanwalt-roeske.de\/index.php?rest_route=\/wp\/v2\/types\/page"}],"author":[{"embeddable":true,"href":"https:\/\/rechtsanwalt-roeske.de\/index.php?rest_route=\/wp\/v2\/users\/2"}],"replies":[{"embeddable":true,"href":"https:\/\/rechtsanwalt-roeske.de\/index.php?rest_route=%2Fwp%2Fv2%2Fcomments&post=427"}],"version-history":[{"count":22,"href":"https:\/\/rechtsanwalt-roeske.de\/index.php?rest_route=\/wp\/v2\/pages\/427\/revisions"}],"predecessor-version":[{"id":473,"href":"https:\/\/rechtsanwalt-roeske.de\/index.php?rest_route=\/wp\/v2\/pages\/427\/revisions\/473"}],"wp:featuredmedia":[{"embeddable":true,"href":"https:\/\/rechtsanwalt-roeske.de\/index.php?rest_route=\/wp\/v2\/media\/520"}],"wp:attachment":[{"href":"https:\/\/rechtsanwalt-roeske.de\/index.php?rest_route=%2Fwp%2Fv2%2Fmedia&parent=427"}],"curies":[{"name":"wp","href":"https:\/\/api.w.org\/{rel}","templated":true}]}}