{"id":19,"date":"2014-08-03T01:00:11","date_gmt":"2014-08-03T00:00:11","guid":{"rendered":"http:\/\/rechtsanwalt-roeske.de\/?page_id=19"},"modified":"2026-05-04T21:10:47","modified_gmt":"2026-05-04T20:10:47","slug":"willkommen-bei-alexander-roeske","status":"publish","type":"page","link":"https:\/\/rechtsanwalt-roeske.de\/","title":{"rendered":"Ihr Rechtsanwalt in Berlin-Kreuzberg"},"content":{"rendered":"<p>Herzlich Willkommen,<\/p>\n<p style=\"text-align: justify;\">mein Name ist Alexander Roeske. Sie haben die Website meiner Rechtsanwaltskanzlei aufgerufen, weil Sie nach meiner Person oder einer der von mir angebotenen Dienstleistungen als Anwalt in den Bereichen <strong>Erbrecht, <\/strong><strong>Familienrecht, Arbeitsrecht, Mediation und Anwaltshaftung<\/strong> in Berlin suchen.<\/p>\n<p>Ich biete meine Dienstleistungen als <strong><em>Rechtsanwalt <\/em><\/strong>und <strong><em>Mediator <\/em><\/strong>an.<\/p>\n<p><a href=\"http:\/\/rechtsanwalt-roeske.de\/wp-content\/uploads\/2023\/07\/websitedaten.png\"><img loading=\"lazy\" decoding=\"async\" class=\" wp-image-305 alignleft\" src=\"http:\/\/rechtsanwalt-roeske.de\/wp-content\/uploads\/2023\/07\/websitedaten-300x192.png\" alt=\"\" width=\"652\" height=\"417\" \/><\/a><\/p>\n<p style=\"padding-left: 40px; text-align: left;\"><span style=\"color: #000000;\"><strong>Meine Qualifikationen:<\/strong><\/span><\/p>\n<p style=\"text-align: justify;\">Als Rechtsanwalt bin ich seit dem Jahr 2007 t\u00e4tig. Das bedeutet, dass ich Sie vor allen deutschen Gerichten &#8211; mit Ausnahme des Bundesgerichtshofes (BGH) &#8211; \u00a0vertreten kann. Als Mitarbeiter in mehreren Kanzleien mit unterschiedlicher Ausrichtung habe ich Erfahrung in verschiedenen Rechtsgebieten erworben.<\/p>\n<p style=\"text-align: justify;\">Im Jahr 2008 habe ich meine Ausbildung zum Konflikt-Mediator abgeschlossen. Die Ausbildung erfolgte berufsbegleitend an der Alice-Salomon-Hochschule Berlin. Sie umfasste insgesamt 264 Stunden. Damit geh\u00f6rt sie zu den umfangreichsten Ausbildungen f\u00fcr Mediation in Deutschland.<\/p>\n<p style=\"text-align: justify;\">Von 2008 bis 2015 habe ich regelm\u00e4\u00dfig Lehrauftr\u00e4ge an der Hochschule f\u00fcr Wirtschaft und Recht Berlin (HWR) erf\u00fcllt. Die Lehrveranstaltungen umfassten das Wirtschaftsprivatrecht und Arbeitsrecht.<\/p>\n\n\n<hr class=\"wp-block-separator has-alpha-channel-opacity\"\/>\n\n\n\n<figure class=\"wp-block-table\"><table class=\"has-fixed-layout\"><thead><tr><th class=\"has-text-align-center\" data-align=\"center\"><strong>Mediation<\/strong><\/th><th class=\"has-text-align-center\" data-align=\"center\"><strong>Streit um die Anwaltsverg\u00fctung<\/strong><\/th><th class=\"has-text-align-center\" data-align=\"center\"><strong>Anwaltshaftung<\/strong><\/th><\/tr><\/thead><tbody><tr><td class=\"has-text-align-center\" data-align=\"center\"><a href=\"http:\/\/rechtsanwalt-roeske.de\/?page_id=91\" data-type=\"link\" data-id=\"rechtsanwalt-roeske.de\/?page_id=91\"><img loading=\"lazy\" decoding=\"async\" width=\"150\" height=\"150\" class=\"wp-image-522\" style=\"width: 150px;\" src=\"http:\/\/rechtsanwalt-roeske.de\/wp-content\/uploads\/2023\/09\/mediation.png\" alt=\"\" srcset=\"https:\/\/rechtsanwalt-roeske.de\/wp-content\/uploads\/2023\/09\/mediation.png 1000w, https:\/\/rechtsanwalt-roeske.de\/wp-content\/uploads\/2023\/09\/mediation-300x300.png 300w, https:\/\/rechtsanwalt-roeske.de\/wp-content\/uploads\/2023\/09\/mediation-150x150.png 150w, https:\/\/rechtsanwalt-roeske.de\/wp-content\/uploads\/2023\/09\/mediation-768x768.png 768w, https:\/\/rechtsanwalt-roeske.de\/wp-content\/uploads\/2023\/09\/mediation-510x510.png 510w\" sizes=\"auto, (max-width: 150px) 100vw, 150px\" \/><\/a><br>Mediation ist eine Verhandlungsmethode f\u00fcr Streitf\u00e4lle und eine Alternative zum Gerichtsverfahren. Sie ist regelm\u00e4\u00dfig g\u00fcnstiger als ein Gerichtsprozess&#8230;<br><br><a href=\"http:\/\/rechtsanwalt-roeske.de\/?page_id=91\"><mark style=\"background-color:rgba(246, 215, 68, 1); padding:10px;\" class=\"has-inline-color has-white-color\">Weiter lesen<\/mark><\/a><\/td><td class=\"has-text-align-center\" data-align=\"center\"><a href=\"http:\/\/rechtsanwalt-roeske.de\/?page_id=474\" data-type=\"link\" data-id=\"rechtsanwalt-roeske.de\/?page_id=474\"><img loading=\"lazy\" decoding=\"async\" width=\"150\" height=\"150\" class=\"wp-image-521\" style=\"width: 150px;\" src=\"http:\/\/rechtsanwalt-roeske.de\/wp-content\/uploads\/2023\/09\/verguetung.png\" alt=\"\" srcset=\"https:\/\/rechtsanwalt-roeske.de\/wp-content\/uploads\/2023\/09\/verguetung.png 1000w, https:\/\/rechtsanwalt-roeske.de\/wp-content\/uploads\/2023\/09\/verguetung-300x300.png 300w, https:\/\/rechtsanwalt-roeske.de\/wp-content\/uploads\/2023\/09\/verguetung-150x150.png 150w, https:\/\/rechtsanwalt-roeske.de\/wp-content\/uploads\/2023\/09\/verguetung-768x768.png 768w, https:\/\/rechtsanwalt-roeske.de\/wp-content\/uploads\/2023\/09\/verguetung-510x510.png 510w\" sizes=\"auto, (max-width: 150px) 100vw, 150px\" \/><\/a><br>Es gibt einen Grundsatz bei der Verg\u00fctung Ihres Rechtsanwalts, der erscheint erstmal \u201eungerecht\u201c zu sein. Er lautet: . . .<br><br><a href=\"http:\/\/rechtsanwalt-roeske.de\/?page_id=474\" data-type=\"link\" data-id=\"http:\/\/rechtsanwalt-roeske.de\/?page_id=474\"><mark style=\"background-color:rgba(246, 215, 68, 1); padding:10px;\" class=\"has-inline-color has-white-color\">Weiter lesen<\/mark><\/a><\/td><td class=\"has-text-align-center\" data-align=\"center\"><a href=\"http:\/\/rechtsanwalt-roeske.de\/?page_id=427\" data-type=\"link\" data-id=\"rechtsanwalt-roeske.de\/?page_id=427\"><img loading=\"lazy\" decoding=\"async\" width=\"150\" height=\"150\" class=\"wp-image-520\" style=\"width: 150px;\" src=\"http:\/\/rechtsanwalt-roeske.de\/wp-content\/uploads\/2023\/09\/anwaltshaftung_aktualisiert-2.png\" alt=\"\" srcset=\"https:\/\/rechtsanwalt-roeske.de\/wp-content\/uploads\/2023\/09\/anwaltshaftung_aktualisiert-2.png 1000w, https:\/\/rechtsanwalt-roeske.de\/wp-content\/uploads\/2023\/09\/anwaltshaftung_aktualisiert-2-300x300.png 300w, https:\/\/rechtsanwalt-roeske.de\/wp-content\/uploads\/2023\/09\/anwaltshaftung_aktualisiert-2-150x150.png 150w, https:\/\/rechtsanwalt-roeske.de\/wp-content\/uploads\/2023\/09\/anwaltshaftung_aktualisiert-2-768x768.png 768w, https:\/\/rechtsanwalt-roeske.de\/wp-content\/uploads\/2023\/09\/anwaltshaftung_aktualisiert-2-510x510.png 510w\" sizes=\"auto, (max-width: 150px) 100vw, 150px\" \/><\/a><br>Wenn ein anderer Anwalt seinen Mandanten einen Schaden zuf\u00fcgt, muss er in vielen F\u00e4llen daf\u00fcr haften; der Anwalt muss seinem Mandanten Schadensersatz zahlen.<br><br><a href=\"http:\/\/rechtsanwalt-roeske.de\/?page_id=427\" data-type=\"link\" data-id=\"http:\/\/rechtsanwalt-roeske.de\/?page_id=427\"><mark style=\"background-color:rgba(246, 215, 68, 1); padding:10px;\" class=\"has-inline-color has-white-color\">Weiter lesen<\/mark><\/a><\/td><\/tr><\/tbody><\/table><\/figure>\n","protected":false},"excerpt":{"rendered":"<p>Herzlich Willkommen, mein Name ist Alexander Roeske. Sie haben die Website meiner Rechtsanwaltskanzlei aufgerufen, weil Sie nach meiner Person oder einer der von mir angebotenen Dienstleistungen als Anwalt in den Bereichen Erbrecht, Familienrecht, Arbeitsrecht, Mediation und Anwaltshaftung in Berlin suchen. Ich biete meine Dienstleistungen als Rechtsanwalt und Mediator an. Meine Qualifikationen: Als Rechtsanwalt bin ich seit dem Jahr 2007 t\u00e4tig. Das bedeutet, dass ich Sie vor allen deutschen Gerichten &#8211; mit Ausnahme des Bundesgerichtshofes (BGH) &#8211; \u00a0vertreten kann. Als Mitarbeiter in mehreren Kanzleien mit unterschiedlicher Ausrichtung habe ich Erfahrung in verschiedenen Rechtsgebieten erworben. Im Jahr 2008 habe ich meine Ausbildung zum Konflikt-Mediator abgeschlossen. Die Ausbildung erfolgte berufsbegleitend an der Alice-Salomon-Hochschule [&hellip;]<\/p>\n","protected":false},"author":2,"featured_media":0,"parent":0,"menu_order":0,"comment_status":"closed","ping_status":"closed","template":"","meta":{"footnotes":""},"class_list":["post-19","page","type-page","status-publish","czr-hentry"],"_links":{"self":[{"href":"https:\/\/rechtsanwalt-roeske.de\/index.php?rest_route=\/wp\/v2\/pages\/19","targetHints":{"allow":["GET"]}}],"collection":[{"href":"https:\/\/rechtsanwalt-roeske.de\/index.php?rest_route=\/wp\/v2\/pages"}],"about":[{"href":"https:\/\/rechtsanwalt-roeske.de\/index.php?rest_route=\/wp\/v2\/types\/page"}],"author":[{"embeddable":true,"href":"https:\/\/rechtsanwalt-roeske.de\/index.php?rest_route=\/wp\/v2\/users\/2"}],"replies":[{"embeddable":true,"href":"https:\/\/rechtsanwalt-roeske.de\/index.php?rest_route=%2Fwp%2Fv2%2Fcomments&post=19"}],"version-history":[{"count":80,"href":"https:\/\/rechtsanwalt-roeske.de\/index.php?rest_route=\/wp\/v2\/pages\/19\/revisions"}],"predecessor-version":[{"id":583,"href":"https:\/\/rechtsanwalt-roeske.de\/index.php?rest_route=\/wp\/v2\/pages\/19\/revisions\/583"}],"wp:attachment":[{"href":"https:\/\/rechtsanwalt-roeske.de\/index.php?rest_route=%2Fwp%2Fv2%2Fmedia&parent=19"}],"curies":[{"name":"wp","href":"https:\/\/api.w.org\/{rel}","templated":true}]}}