{"id":105,"date":"2014-08-09T18:40:56","date_gmt":"2014-08-09T17:40:56","guid":{"rendered":"http:\/\/rechtsanwalt-roeske.de\/?page_id=105"},"modified":"2023-11-06T17:04:16","modified_gmt":"2023-11-06T16:04:16","slug":"rechtsanwalt-3","status":"publish","type":"page","link":"https:\/\/rechtsanwalt-roeske.de\/?page_id=105","title":{"rendered":"Rechtsanwalt"},"content":{"rendered":"<p><a href=\"http:\/\/rechtsanwalt-roeske.de\/wp-content\/uploads\/2023\/11\/telefonschlange.png\"><img loading=\"lazy\" decoding=\"async\" class=\"wp-image-528  alignright\" src=\"http:\/\/rechtsanwalt-roeske.de\/wp-content\/uploads\/2023\/11\/telefonschlange-92x300.png\" alt=\"\" width=\"137\" height=\"446\" \/><\/a><\/p>\n<p>Ich berate und vertrete Menschen bei ihren vielf\u00e4ltigen Problemen rechtlicher Art.\u00a0Die Konflikte sind so vielf\u00e4ltig wie die Menschen.<\/p>\n<p>Die anwaltliche Vertretung setzt ein Vertrauensverh\u00e4ltnis zwischen Mandant und Rechtsanwalt voraus. Daher bevorzuge ich ein ausf\u00fchrliches pers\u00f6nliches Gespr\u00e4ch bei der Mandatierung. Wenn Sie aus zeitlichen oder pers\u00f6nlichen Gr\u00fcnden nicht den Weg in meine Kanzlei auf sich nehmen k\u00f6nnen, kann dieses Gespr\u00e4ch auch an einem anderen Ort oder bei Ihnen zu Hause stattfinden.<\/p>\n<p>In diesem Gespr\u00e4ch lerne ich Ihren Fall und seine Hintergr\u00fcnde kennen. Ich werde Ihnen meine rechtliche Einsch\u00e4tzung erl\u00e4utern und \u00fcber die m\u00f6glichen Kosten informieren.<\/p>\n<p>Mein Anliegen ist, dass ich Ihr Anliegen verstehe. Gleichzeitig ist es meine Aufgabe, Ihnen die rechtliche Seite des Falles so zu erkl\u00e4ren, dass Sie sie verstehen k\u00f6nnen.<\/p>\n<p>Scheuen Sie bitte vor Nachfragen nicht zur\u00fcck.<\/p>\n","protected":false},"excerpt":{"rendered":"<p>Ich berate und vertrete Menschen bei ihren vielf\u00e4ltigen Problemen rechtlicher Art.\u00a0Die Konflikte sind so vielf\u00e4ltig wie die Menschen. Die anwaltliche Vertretung setzt ein Vertrauensverh\u00e4ltnis zwischen Mandant und Rechtsanwalt voraus. Daher bevorzuge ich ein ausf\u00fchrliches pers\u00f6nliches Gespr\u00e4ch bei der Mandatierung. Wenn Sie aus zeitlichen oder pers\u00f6nlichen Gr\u00fcnden nicht den Weg in meine Kanzlei auf sich nehmen k\u00f6nnen, kann dieses Gespr\u00e4ch auch an einem anderen Ort oder bei Ihnen zu Hause stattfinden. In diesem Gespr\u00e4ch lerne ich Ihren Fall und seine Hintergr\u00fcnde kennen. Ich werde Ihnen meine rechtliche Einsch\u00e4tzung erl\u00e4utern und \u00fcber die m\u00f6glichen Kosten informieren. Mein Anliegen ist, dass ich Ihr Anliegen verstehe. Gleichzeitig ist es meine Aufgabe, Ihnen die rechtliche [&hellip;]<\/p>\n","protected":false},"author":1,"featured_media":0,"parent":0,"menu_order":0,"comment_status":"closed","ping_status":"closed","template":"","meta":{"footnotes":""},"class_list":["post-105","page","type-page","status-publish","czr-hentry"],"_links":{"self":[{"href":"https:\/\/rechtsanwalt-roeske.de\/index.php?rest_route=\/wp\/v2\/pages\/105","targetHints":{"allow":["GET"]}}],"collection":[{"href":"https:\/\/rechtsanwalt-roeske.de\/index.php?rest_route=\/wp\/v2\/pages"}],"about":[{"href":"https:\/\/rechtsanwalt-roeske.de\/index.php?rest_route=\/wp\/v2\/types\/page"}],"author":[{"embeddable":true,"href":"https:\/\/rechtsanwalt-roeske.de\/index.php?rest_route=\/wp\/v2\/users\/1"}],"replies":[{"embeddable":true,"href":"https:\/\/rechtsanwalt-roeske.de\/index.php?rest_route=%2Fwp%2Fv2%2Fcomments&post=105"}],"version-history":[{"count":17,"href":"https:\/\/rechtsanwalt-roeske.de\/index.php?rest_route=\/wp\/v2\/pages\/105\/revisions"}],"predecessor-version":[{"id":532,"href":"https:\/\/rechtsanwalt-roeske.de\/index.php?rest_route=\/wp\/v2\/pages\/105\/revisions\/532"}],"wp:attachment":[{"href":"https:\/\/rechtsanwalt-roeske.de\/index.php?rest_route=%2Fwp%2Fv2%2Fmedia&parent=105"}],"curies":[{"name":"wp","href":"https:\/\/api.w.org\/{rel}","templated":true}]}}