{"id":101,"date":"2014-08-09T18:19:13","date_gmt":"2014-08-09T17:19:13","guid":{"rendered":"http:\/\/rechtsanwalt-roeske.de\/?page_id=101"},"modified":"2023-09-02T10:22:55","modified_gmt":"2023-09-02T09:22:55","slug":"downloads","status":"publish","type":"page","link":"https:\/\/rechtsanwalt-roeske.de\/?page_id=101","title":{"rendered":"Vollmacht und Formulare"},"content":{"rendered":"<p><strong><a href=\"http:\/\/rechtsanwalt-roeske.de\/wp-content\/uploads\/2023\/08\/emailschlangee.png\"><img loading=\"lazy\" decoding=\"async\" class=\" wp-image-463 alignright\" src=\"http:\/\/rechtsanwalt-roeske.de\/wp-content\/uploads\/2023\/08\/emailschlangee-145x300.png\" alt=\"\" width=\"173\" height=\"358\" srcset=\"https:\/\/rechtsanwalt-roeske.de\/wp-content\/uploads\/2023\/08\/emailschlangee-145x300.png 145w, https:\/\/rechtsanwalt-roeske.de\/wp-content\/uploads\/2023\/08\/emailschlangee-496x1024.png 496w, https:\/\/rechtsanwalt-roeske.de\/wp-content\/uploads\/2023\/08\/emailschlangee.png 520w\" sizes=\"auto, (max-width: 173px) 100vw, 173px\" \/><\/a>Vollmacht<\/strong><\/p>\n<p>Hier k\u00f6nnen Sie sich eine <strong> <a href=\"http:\/\/rechtsanwalt-roeske.de\/wp-content\/uploads\/2023\/07\/Vollmacht-NEUE-ADRESSE.pdf\">Vollmacht<\/a> <\/strong>herunterladen und ausdrucken, um sie mir sogleich zuzusenden. Dadurch kann ich sie schneller vertreten.<\/p>\n<p>Hinweis:\u00a0Auch, wenn Sie mir die Vollmacht per E-Mail oder Fax zugesandt haben, muss ich das\u00a0Original erhalten.<\/p>\n<p><strong>Prozesskostenhilfe \/ Verfahrenskostenhilfe<\/strong><\/p>\n<p>M\u00f6glicherweise haben Sie Anspruch auf Beratungs- und\/oder Prozesskostenhilfe. Die n\u00f6tigen Formulare zur Beantragung finden Sie hier:<\/p>\n<p><strong><a href=\"http:\/\/www.brak.de\/w\/files\/newsletter_archiv\/berlin\/2013\/pkh_form.pdf\" target=\"_blank\" rel=\"noopener noreferrer\">Prozesskostenhilfe<\/a><\/strong><\/p>\n<p><strong><a href=\"http:\/\/www.berlin.de\/sen\/justiz\/gerichte\/kg\/formularserver\/beratungshilfe.html\" target=\"_blank\" rel=\"noopener noreferrer\">Beratungshilfe<\/a><\/strong><\/p>\n<p><strong><a href=\"http:\/\/www.berlin.de\/sen\/justiz\/gerichte\/kg\/formularserver\/pkh.html\" target=\"_blank\" rel=\"noopener noreferrer\">Ausf\u00fcllhinweise f\u00fcr Formulare f\u00fcr Prozesskosten- und Beratungshilfe<\/a>\u00a0<\/strong>finden Sie direkt hier\u00a0auf der Seite des Berliner Senats.<\/p>\n","protected":false},"excerpt":{"rendered":"<p>Vollmacht Hier k\u00f6nnen Sie sich eine Vollmacht herunterladen und ausdrucken, um sie mir sogleich zuzusenden. Dadurch kann ich sie schneller vertreten. Hinweis:\u00a0Auch, wenn Sie mir die Vollmacht per E-Mail oder Fax zugesandt haben, muss ich das\u00a0Original erhalten. Prozesskostenhilfe \/ Verfahrenskostenhilfe M\u00f6glicherweise haben Sie Anspruch auf Beratungs- und\/oder Prozesskostenhilfe. Die n\u00f6tigen Formulare zur Beantragung finden Sie hier: Prozesskostenhilfe Beratungshilfe Ausf\u00fcllhinweise f\u00fcr Formulare f\u00fcr Prozesskosten- und Beratungshilfe\u00a0finden Sie direkt hier\u00a0auf der Seite des Berliner Senats.<\/p>\n","protected":false},"author":1,"featured_media":0,"parent":0,"menu_order":0,"comment_status":"closed","ping_status":"closed","template":"","meta":{"footnotes":""},"class_list":["post-101","page","type-page","status-publish","czr-hentry"],"_links":{"self":[{"href":"https:\/\/rechtsanwalt-roeske.de\/index.php?rest_route=\/wp\/v2\/pages\/101","targetHints":{"allow":["GET"]}}],"collection":[{"href":"https:\/\/rechtsanwalt-roeske.de\/index.php?rest_route=\/wp\/v2\/pages"}],"about":[{"href":"https:\/\/rechtsanwalt-roeske.de\/index.php?rest_route=\/wp\/v2\/types\/page"}],"author":[{"embeddable":true,"href":"https:\/\/rechtsanwalt-roeske.de\/index.php?rest_route=\/wp\/v2\/users\/1"}],"replies":[{"embeddable":true,"href":"https:\/\/rechtsanwalt-roeske.de\/index.php?rest_route=%2Fwp%2Fv2%2Fcomments&post=101"}],"version-history":[{"count":39,"href":"https:\/\/rechtsanwalt-roeske.de\/index.php?rest_route=\/wp\/v2\/pages\/101\/revisions"}],"predecessor-version":[{"id":525,"href":"https:\/\/rechtsanwalt-roeske.de\/index.php?rest_route=\/wp\/v2\/pages\/101\/revisions\/525"}],"wp:attachment":[{"href":"https:\/\/rechtsanwalt-roeske.de\/index.php?rest_route=%2Fwp%2Fv2%2Fmedia&parent=101"}],"curies":[{"name":"wp","href":"https:\/\/api.w.org\/{rel}","templated":true}]}}